{"id":153594,"date":"2021-02-28T20:52:40","date_gmt":"2021-02-28T23:52:40","guid":{"rendered":"https:\/\/design.novoambiente.com\/wishlist\/"},"modified":"2026-03-26T09:59:46","modified_gmt":"2026-03-26T12:59:46","slug":"wishlist","status":"publish","type":"page","link":"https:\/\/staging.novoambiente.com\/en\/wishlist\/","title":{"rendered":"Wishlist"},"content":{"rendered":"\t<section class=\"section pt-0 pt-md-5 pb-0\" id=\"section_23490468\">\n\t\t<div class=\"bg section-bg fill bg-fill  bg-loaded\" >\n\n\t\t\t\n\t\t\t\n\t\t\t\n\n\t\t<\/div>\n\n\t\t<div class=\"section-content relative\">\n\t\t\t\n<div class=\"row\"  id=\"row-1062998948\">\n\n\t<div id=\"col-502535205\" class=\"col pb-0 pb-md-3 small-12 large-12\"  >\n\t\t\t\t<div class=\"col-inner\"  >\n\t\t\t\n\t\t\t\n\t<div id=\"text-298876664\" class=\"text mb-0\">\n\t\t\n  \n  <ul class=\"breadcrumbs\"><\/ul>\n\t\t\t<\/div>\n\t\n\t\t<\/div>\n\t\t\t\t\t<\/div>\n\n\t\n<\/div>\n\t\t<\/div>\n\n\t\t\n<style>\n#section_23490468 {\n  padding-top: 0px;\n  padding-bottom: 0px;\n}\n<\/style>\n\t<\/section>\n\t\n\t<section class=\"section\" id=\"section_1531229003\">\n\t\t<div class=\"bg section-bg fill bg-fill  bg-loaded\" >\n\n\t\t\t\n\t\t\t\n\t\t\t\n\n\t\t<\/div>\n\n\t\t<div class=\"section-content relative\">\n\t\t\t\n<div class=\"row align-center mb-4 mb-md-6\"  id=\"row-2086363106\">\n\n\t<div id=\"col-242961216\" class=\"col medium-7 small-12 large-7\"  >\n\t\t\t\t<div class=\"col-inner text-center\"  >\n\t\t\t\n\t\t\t\n\t<div id=\"text-364918875\" class=\"text font-type-2 mb-0\">\n\t\t\n<h1><strong>My list<\/strong><\/h1>\n\t\t\t<\/div>\n\t\n\t<div id=\"text-3313850289\" class=\"text font-type-2\">\n\t\t\n<p>This list can be used to generate technical information for products of interest. <strong>Click the &#8216;Download PDF list&#8217; button<\/strong>, save or print the list, and bring it to one of our stores.<\/p>\n\t\t\t<\/div>\n\t\n\t\t<\/div>\n\t\t\t\t\t<\/div>\n\n\t\n<\/div>\n<div class=\"row align-center mb-4 mb-md-6\"  id=\"row-984813121\">\n\n\t<div id=\"col-1612284646\" class=\"col medium-7 small-12 large-7\"  >\n\t\t\t\t<div class=\"col-inner text-center\"  >\n\t\t\t\n\t\t\t\n<a href=\"#lista\" target=\"_self\" class=\"button primary lowercase\"  >\n    <span>Download list as PDF<\/span>\n  <\/a>\n\n\t\t<\/div>\n\t\t\t\t\t<\/div>\n\n\t\n<\/div>\n<div class=\"row align-center\"  id=\"row-1455827635\">\n\n\t<div id=\"col-1334431099\" class=\"col small-12 large-12\"  >\n\t\t\t\t<div class=\"col-inner text-center\"  >\n\t\t\t\n\t\t\t\n<div class=\"tinv-wishlist woocommerce\">\n\t<div class=\"tinv-header\">\n\t<h2>Lista de desejos<\/h2>\n\t<\/div>\n\t\t<p class=\"cart-empty\">\n\t\t\t\t\tYour Wishlist is currently empty.\t\t\t<\/p>\n\n\t\n\t<p class=\"return-to-shop\">\n\t\t<a class=\"button wc-backward\"\n\t\t   href=\"https:\/\/staging.novoambiente.com\/en\/furniture\/\">Return To Shop<\/a>\n\t<\/p>\n<\/div>\n\n\t\t<\/div>\n\t\t\t\t\t<\/div>\n\n\t\n<\/div>\n<div class=\"row align-center\"  id=\"row-953721479\">\n\n\t<div id=\"col-1611520753\" class=\"col medium-5 small-12 large-5\"  >\n\t\t\t\t<div class=\"col-inner text-center\"  >\n\t\t\t\n\t\t\t\n<span class=\"scroll-to\" data-label=\"Scroll to: #lista\" data-bullet=\"false\" data-link=\"#lista\" data-title=\"Change this\"><a name=\"lista\"><\/a><\/span>\n\t<div id=\"gap-2042639936\" class=\"gap-element clearfix\" style=\"display:block; height:auto;\">\n\t\t\n<style>\n#gap-2042639936 {\n  padding-top: 30px;\n}\n<\/style>\n\t<\/div>\n\t\n<h6>Complete the form with your details to receive the PDF<\/h6>\n\t<div id=\"gap-2010735896\" class=\"gap-element clearfix\" style=\"display:block; height:auto;\">\n\t\t\n<style>\n#gap-2010735896 {\n  padding-top: 30px;\n}\n<\/style>\n\t<\/div>\n\t\n\n<div class=\"wpcf7 no-js\" id=\"wpcf7-f153521-o1\" lang=\"en-US\" dir=\"ltr\" data-wpcf7-id=\"153521\">\n<div class=\"screen-reader-response\"><p role=\"status\" aria-live=\"polite\" aria-atomic=\"true\"><\/p> <ul><\/ul><\/div>\n<form action=\"\/en\/wp-json\/wp\/v2\/pages\/153594#wpcf7-f153521-o1\" method=\"post\" class=\"wpcf7-form init\" aria-label=\"Contact form\" novalidate=\"novalidate\" data-status=\"init\">\n<fieldset class=\"hidden-fields-container\"><input type=\"hidden\" name=\"_wpcf7\" value=\"153521\" \/><input type=\"hidden\" name=\"_wpcf7_version\" value=\"6.1.5\" \/><input type=\"hidden\" name=\"_wpcf7_locale\" value=\"en_US\" \/><input type=\"hidden\" name=\"_wpcf7_unit_tag\" value=\"wpcf7-f153521-o1\" \/><input type=\"hidden\" name=\"_wpcf7_container_post\" value=\"0\" \/><input type=\"hidden\" name=\"_wpcf7_posted_data_hash\" value=\"\" \/><input type=\"hidden\" name=\"_wpcf7dtx_version\" value=\"5.0.5\" \/>\n<\/fieldset>\n<p><label> <span class=\"wpcf7-form-control-wrap\" data-name=\"nome\"><input size=\"40\" maxlength=\"400\" class=\"wpcf7-form-control wpcf7-text wpcf7-validates-as-required\" aria-required=\"true\" aria-invalid=\"false\" placeholder=\"Your name\" value=\"\" type=\"text\" name=\"nome\" \/><\/span> <\/label>\n<\/p>\n<p><label> <span class=\"wpcf7-form-control-wrap\" data-name=\"email\"><input size=\"40\" maxlength=\"400\" class=\"wpcf7-form-control wpcf7-email wpcf7-validates-as-required wpcf7-text wpcf7-validates-as-email\" aria-required=\"true\" aria-invalid=\"false\" placeholder=\"Your email\" value=\"\" type=\"email\" name=\"email\" \/><\/span> <\/label>\n<\/p>\n<p><label> <span class=\"wpcf7-form-control-wrap\" data-name=\"telefone\"><input size=\"40\" maxlength=\"400\" class=\"wpcf7-form-control wpcf7-text wpcf7-validates-as-required\" aria-required=\"true\" aria-invalid=\"false\" placeholder=\"Phone\" value=\"\" type=\"text\" name=\"telefone\" \/><\/span> <\/label>\n<\/p>\n<p><div class=\"cf7-cf-turnstile\" style=\"margin-top: 0px; margin-bottom: -15px;\"> <div id=\"cf-turnstile-cf7-1127380206\" class=\"cf-turnstile\" data-sitekey=\"0x4AAAAAABkn8qCNhdbbQmED\" data-theme=\"light\" data-language=\"auto\" data-size=\"normal\" data-retry=\"auto\" data-retry-interval=\"1000\" data-refresh-expired=\"auto\" data-action=\"contact-form-7\" data-appearance=\"always\"><\/div> <script>document.addEventListener(\"DOMContentLoaded\", function() { setTimeout(function(){ var e=document.getElementById(\"cf-turnstile-cf7-1127380206\"); e&&!e.innerHTML.trim()&&(turnstile.remove(\"#cf-turnstile-cf7-1127380206\"), turnstile.render(\"#cf-turnstile-cf7-1127380206\", {sitekey:\"0x4AAAAAABkn8qCNhdbbQmED\"})); }, 100); });<\/script> <br class=\"cf-turnstile-br cf-turnstile-br-cf7-1127380206\"> <style>#cf-turnstile-cf7-1127380206 { margin-left: -15px; }<\/style> <script>document.addEventListener(\"DOMContentLoaded\",function(){document.querySelectorAll('.wpcf7-form').forEach(function(e){e.addEventListener('submit',function(){if(document.getElementById('cf-turnstile-cf7-1127380206')){setTimeout(function(){turnstile.reset('#cf-turnstile-cf7-1127380206');},1000)}})})});<\/script> <\/div><br\/><input class=\"wpcf7-form-control wpcf7-submit has-spinner\" type=\"submit\" value=\"Download list as PDF\" \/>\n<\/p><div class=\"wpcf7-response-output\" aria-hidden=\"true\"><\/div>\n<\/form>\n<\/div>\n\n\t\t<\/div>\n\t\t\t\t\t<\/div>\n\n\t\n<\/div>\n\t\t<\/div>\n\n\t\t\n<style>\n#section_1531229003 {\n  padding-top: 0px;\n  padding-bottom: 0px;\n}\n<\/style>\n\t<\/section>\n\t\n","protected":false},"excerpt":{"rendered":"","protected":false},"author":1,"featured_media":0,"parent":0,"menu_order":0,"comment_status":"closed","ping_status":"closed","template":"page-blank.php","meta":{"_acf_changed":false,"footnotes":""},"class_list":["post-153594","page","type-page","status-publish","hentry"],"acf":[],"yoast_head":"<!-- This site is optimized with the Yoast SEO plugin v27.3 - https:\/\/yoast.com\/product\/yoast-seo-wordpress\/ -->\n<title>Wishlist - Novo Ambiente | Cat\u00e1logo<\/title>\n<meta name=\"robots\" content=\"index, follow, max-snippet:-1, max-image-preview:large, max-video-preview:-1\" \/>\n<link rel=\"canonical\" href=\"https:\/\/staging.novoambiente.com\/en\/wishlist\/\" \/>\n<meta name=\"twitter:label1\" content=\"Est. reading time\" \/>\n\t<meta name=\"twitter:data1\" content=\"1 minute\" \/>\n<script type=\"application\/ld+json\" class=\"yoast-schema-graph\">{\"@context\":\"https:\\\/\\\/schema.org\",\"@graph\":[{\"@type\":\"WebPage\",\"@id\":\"https:\\\/\\\/staging.novoambiente.com\\\/en\\\/wishlist\\\/\",\"url\":\"https:\\\/\\\/staging.novoambiente.com\\\/en\\\/wishlist\\\/\",\"name\":\"Wishlist - Novo Ambiente | Cat\u00e1logo\",\"isPartOf\":{\"@id\":\"https:\\\/\\\/staging.novoambiente.com\\\/en\\\/#website\"},\"datePublished\":\"2021-02-28T23:52:40+00:00\",\"dateModified\":\"2026-03-26T12:59:46+00:00\",\"breadcrumb\":{\"@id\":\"https:\\\/\\\/staging.novoambiente.com\\\/en\\\/wishlist\\\/#breadcrumb\"},\"inLanguage\":\"en-US\",\"potentialAction\":[{\"@type\":\"ReadAction\",\"target\":[\"https:\\\/\\\/staging.novoambiente.com\\\/en\\\/wishlist\\\/\"]}]},{\"@type\":\"BreadcrumbList\",\"@id\":\"https:\\\/\\\/staging.novoambiente.com\\\/en\\\/wishlist\\\/#breadcrumb\",\"itemListElement\":[{\"@type\":\"ListItem\",\"position\":1,\"name\":\"Home\",\"item\":\"https:\\\/\\\/staging.novoambiente.com\\\/en\\\/\"},{\"@type\":\"ListItem\",\"position\":2,\"name\":\"Wishlist\"}]},{\"@type\":\"WebSite\",\"@id\":\"https:\\\/\\\/staging.novoambiente.com\\\/en\\\/#website\",\"url\":\"https:\\\/\\\/staging.novoambiente.com\\\/en\\\/\",\"name\":\"Novo Ambiente | Cat\u00e1logo\",\"description\":\"Mobili\u00e1rio de design para casa ou escrit\u00f3rio\",\"potentialAction\":[{\"@type\":\"SearchAction\",\"target\":{\"@type\":\"EntryPoint\",\"urlTemplate\":\"https:\\\/\\\/staging.novoambiente.com\\\/en\\\/?s={search_term_string}\"},\"query-input\":{\"@type\":\"PropertyValueSpecification\",\"valueRequired\":true,\"valueName\":\"search_term_string\"}}],\"inLanguage\":\"en-US\"}]}<\/script>\n<!-- \/ Yoast SEO plugin. -->","yoast_head_json":{"title":"Wishlist - Novo Ambiente | Cat\u00e1logo","robots":{"index":"index","follow":"follow","max-snippet":"max-snippet:-1","max-image-preview":"max-image-preview:large","max-video-preview":"max-video-preview:-1"},"canonical":"https:\/\/staging.novoambiente.com\/en\/wishlist\/","twitter_misc":{"Est. reading time":"1 minute"},"schema":{"@context":"https:\/\/schema.org","@graph":[{"@type":"WebPage","@id":"https:\/\/staging.novoambiente.com\/en\/wishlist\/","url":"https:\/\/staging.novoambiente.com\/en\/wishlist\/","name":"Wishlist - Novo Ambiente | Cat\u00e1logo","isPartOf":{"@id":"https:\/\/staging.novoambiente.com\/en\/#website"},"datePublished":"2021-02-28T23:52:40+00:00","dateModified":"2026-03-26T12:59:46+00:00","breadcrumb":{"@id":"https:\/\/staging.novoambiente.com\/en\/wishlist\/#breadcrumb"},"inLanguage":"en-US","potentialAction":[{"@type":"ReadAction","target":["https:\/\/staging.novoambiente.com\/en\/wishlist\/"]}]},{"@type":"BreadcrumbList","@id":"https:\/\/staging.novoambiente.com\/en\/wishlist\/#breadcrumb","itemListElement":[{"@type":"ListItem","position":1,"name":"Home","item":"https:\/\/staging.novoambiente.com\/en\/"},{"@type":"ListItem","position":2,"name":"Wishlist"}]},{"@type":"WebSite","@id":"https:\/\/staging.novoambiente.com\/en\/#website","url":"https:\/\/staging.novoambiente.com\/en\/","name":"Novo Ambiente | Cat\u00e1logo","description":"Mobili\u00e1rio de design para casa ou escrit\u00f3rio","potentialAction":[{"@type":"SearchAction","target":{"@type":"EntryPoint","urlTemplate":"https:\/\/staging.novoambiente.com\/en\/?s={search_term_string}"},"query-input":{"@type":"PropertyValueSpecification","valueRequired":true,"valueName":"search_term_string"}}],"inLanguage":"en-US"}]}},"_links":{"self":[{"href":"https:\/\/staging.novoambiente.com\/en\/wp-json\/wp\/v2\/pages\/153594","targetHints":{"allow":["GET"]}}],"collection":[{"href":"https:\/\/staging.novoambiente.com\/en\/wp-json\/wp\/v2\/pages"}],"about":[{"href":"https:\/\/staging.novoambiente.com\/en\/wp-json\/wp\/v2\/types\/page"}],"author":[{"embeddable":true,"href":"https:\/\/staging.novoambiente.com\/en\/wp-json\/wp\/v2\/users\/1"}],"replies":[{"embeddable":true,"href":"https:\/\/staging.novoambiente.com\/en\/wp-json\/wp\/v2\/comments?post=153594"}],"version-history":[{"count":1,"href":"https:\/\/staging.novoambiente.com\/en\/wp-json\/wp\/v2\/pages\/153594\/revisions"}],"predecessor-version":[{"id":153597,"href":"https:\/\/staging.novoambiente.com\/en\/wp-json\/wp\/v2\/pages\/153594\/revisions\/153597"}],"wp:attachment":[{"href":"https:\/\/staging.novoambiente.com\/en\/wp-json\/wp\/v2\/media?parent=153594"}],"curies":[{"name":"wp","href":"https:\/\/api.w.org\/{rel}","templated":true}]}}