{"id":153616,"date":"2021-03-01T00:18:38","date_gmt":"2021-03-01T03:18:38","guid":{"rendered":"https:\/\/design.novoambiente.com\/designers\/"},"modified":"2026-03-26T10:00:35","modified_gmt":"2026-03-26T13:00:35","slug":"designers","status":"publish","type":"page","link":"https:\/\/staging.novoambiente.com\/en\/designers\/","title":{"rendered":"Designers"},"content":{"rendered":"\t<section class=\"section pt-4 pt-md-5 mb-0 pb-md-0\" id=\"section_1428821111\">\n\t\t<div class=\"bg section-bg fill bg-fill  bg-loaded\" >\n\n\t\t\t\n\t\t\t\n\t\t\t\n\n\t\t<\/div>\n\n\t\t<div class=\"section-content relative\">\n\t\t\t\n<div class=\"row align-center\"  id=\"row-1036655733\">\n\n\t<div id=\"col-2093578348\" class=\"col small-12 large-12\"  >\n\t\t\t\t<div class=\"col-inner\"  >\n\t\t\t\n\t\t\t\n\t<div id=\"text-3521257547\" class=\"text\">\n\t\t\n  \n  <ul class=\"breadcrumbs\"><\/ul>\n\t\t\n<style>\n#text-3521257547 {\n  text-align: center;\n}\n@media (min-width:550px) {\n  #text-3521257547 {\n    text-align: left;\n  }\n}\n<\/style>\n\t<\/div>\n\t\n\t<div id=\"text-2309146011\" class=\"text font-type-2 mb-4\">\n\t\t\n<h1 style=\"text-align: center;\"><strong>Designers<\/strong><\/h1>\n\t\t\t<\/div>\n\t\n\t\t<\/div>\n\t\t\t\t\t<\/div>\n\n\t\n\n\t<div id=\"col-1001468886\" class=\"col medium-8 small-12 large-8\"  >\n\t\t\t\t<div class=\"col-inner\"  >\n\t\t\t\n\t\t\t\n\t<div id=\"text-2672063004\" class=\"text font-type-2\">\n\t\t\n<h6>A reference in contemporary style, Novo Ambiente invests in the work of renowned designers in Brazil and abroad, always attentive to the latest trends in d\u00e9cor, observed during visits to the main national and international design fairs. Discover our exceptional team of designers, comprising more than 250 names. <\/h6>\n\t\t\n<style>\n#text-2672063004 {\n  text-align: center;\n}\n<\/style>\n\t<\/div>\n\t\n\t\t<\/div>\n\t\t\t\t\t<\/div>\n\n\t\n<\/div>\n\t\t<\/div>\n\n\t\t\n<style>\n#section_1428821111 {\n  padding-top: 0px;\n  padding-bottom: 0px;\n}\n<\/style>\n\t<\/section>\n\t\n\t<section class=\"section pt-7 pt-md-6 mb-4 pb-md-6\" id=\"section_46441224\">\n\t\t<div class=\"bg section-bg fill bg-fill  bg-loaded\" >\n\n\t\t\t\n\t\t\t\n\t\t\t\n\n\t\t<\/div>\n\n\t\t<div class=\"section-content relative\">\n\t\t\t\n<div class=\"row align-center\"  id=\"row-818230550\">\n\n\t<div id=\"col-206815700\" class=\"col small-12 large-12\"  >\n\t\t\t\t<div class=\"col-inner\"  >\n\t\t\t\n\t\t\t\n<div class=\"designer-filters\"><div class=\"text\"><span>Search: <\/span><input type=\"text\" class=\"quicksearch\" placeholder=\"Type your search\" \/><\/div>\n\t\t<div class=\"select\">\n\t\t\t<label for=\"pop\">Sort by:<\/label>\n\t\t\t<select name=\"pop\" id=\"pop\" class=\"button-group sort-by-button-group\">\n\t\t\t\t<option value=\"az\" data-sort-by=\"az\">A-Z<\/option>\n\t\t\t\t<option value=\"za\" data-sort-by=\"za\">Z-A<\/option>\n\t\t\t<\/select>\n\t\t<\/div>\n\t\t<\/div><ul class=\"lista-designers\">\n\t\t\t\t<li class=\"designer\" style=\"height:768px\" data-category=\"\">\n\t\t\t\t\t<a href=\"https:\/\/staging.novoambiente.com\/designer\/adrien-gardere\/\">\n\t\t\t\t\t\t<img loading=\"lazy\" decoding=\"async\" src=\"https:\/\/staging.novoambiente.com\/wp-content\/uploads\/2026\/01\/373743-960x960-1-768x768.jpg\" width=\"768\" height=\"768\">\n\t\t\t\t\t\t<span class=\"button primary\"><span>Learn more<\/span><\/span>\n\t\t\t\t\t\t<p class=\"name\">Adrien Gard\u00e8re<\/p>\n\t\t\t\t\t<\/a>\n\t\t\t\t<\/li>\n\t\t\t\n\t\t\t\t<li class=\"designer\" style=\"height:765px\" data-category=\"\">\n\t\t\t\t\t<a href=\"https:\/\/staging.novoambiente.com\/designer\/ana-weege\/\">\n\t\t\t\t\t\t<img loading=\"lazy\" decoding=\"async\" src=\"https:\/\/staging.novoambiente.com\/wp-content\/uploads\/2026\/03\/avatar-1715895745182-768x765.png\" width=\"768\" height=\"765\">\n\t\t\t\t\t\t<span class=\"button primary\"><span>Learn more<\/span><\/span>\n\t\t\t\t\t\t<p class=\"name\">Ana Weege<\/p>\n\t\t\t\t\t<\/a>\n\t\t\t\t<\/li>\n\t\t\t\n\t\t\t\t<li class=\"designer\" style=\"height:768px\" data-category=\"\">\n\t\t\t\t\t<a href=\"https:\/\/staging.novoambiente.com\/designer\/aoda-design\/\">\n\t\t\t\t\t\t<img loading=\"lazy\" decoding=\"async\" src=\"https:\/\/staging.novoambiente.com\/wp-content\/uploads\/2025\/12\/b47ccb_d7ed6062c26a43aeaf3cf980c85959dfmv2-768x768.jpg\" width=\"768\" height=\"768\">\n\t\t\t\t\t\t<span class=\"button primary\"><span>Learn more<\/span><\/span>\n\t\t\t\t\t\t<p class=\"name\">Aoda Design<\/p>\n\t\t\t\t\t<\/a>\n\t\t\t\t<\/li>\n\t\t\t\n\t\t\t\t<li class=\"designer\" style=\"height:650px\" data-category=\"\">\n\t\t\t\t\t<a href=\"https:\/\/staging.novoambiente.com\/designer\/artemide\/\">\n\t\t\t\t\t\t<img loading=\"lazy\" decoding=\"async\" src=\"https:\/\/staging.novoambiente.com\/wp-content\/uploads\/2026\/02\/Artemide_Tolomeo-Basculante-Tavolo-Schreibtischleuchte_800x800-ID2033808-4926985959fde62914d8ec0696ed7391-650x650-1.jpg\" width=\"650\" height=\"650\">\n\t\t\t\t\t\t<span class=\"button primary\"><span>Learn more<\/span><\/span>\n\t\t\t\t\t\t<p class=\"name\">Artemide<\/p>\n\t\t\t\t\t<\/a>\n\t\t\t\t<\/li>\n\t\t\t\n\t\t\t\t<li class=\"designer\" style=\"height:768px\" data-category=\"\">\n\t\t\t\t\t<a href=\"https:\/\/staging.novoambiente.com\/designer\/claudia-moreira-salles\/\">\n\t\t\t\t\t\t<img loading=\"lazy\" decoding=\"async\" src=\"https:\/\/staging.novoambiente.com\/wp-content\/uploads\/2018\/05\/2016_Claudia_Moreira_Salles_portrait_-768x768.jpg\" width=\"768\" height=\"768\">\n\t\t\t\t\t\t<span class=\"button primary\"><span>Learn more<\/span><\/span>\n\t\t\t\t\t\t<p class=\"name\">Claudia Moreira Salles<\/p>\n\t\t\t\t\t<\/a>\n\t\t\t\t<\/li>\n\t\t\t\n\t\t\t\t<li class=\"designer\" style=\"height:225px\" data-category=\"\">\n\t\t\t\t\t<a href=\"https:\/\/staging.novoambiente.com\/designer\/fabricio-roncca\/\">\n\t\t\t\t\t\t<img loading=\"lazy\" decoding=\"async\" src=\"https:\/\/staging.novoambiente.com\/wp-content\/uploads\/2013\/06\/Fabricio-Roncca.jpg\" width=\"225\" height=\"225\">\n\t\t\t\t\t\t<span class=\"button primary\"><span>Learn more<\/span><\/span>\n\t\t\t\t\t\t<p class=\"name\">Fabricio Roncca<\/p>\n\t\t\t\t\t<\/a>\n\t\t\t\t<\/li>\n\t\t\t\n\t\t\t\t<li class=\"designer\" style=\"height:1152px\" data-category=\"\">\n\t\t\t\t\t<a href=\"https:\/\/staging.novoambiente.com\/designer\/fernando-zanardi\/\">\n\t\t\t\t\t\t<img loading=\"lazy\" decoding=\"async\" src=\"https:\/\/staging.novoambiente.com\/wp-content\/uploads\/2025\/04\/FIOR5160-scaled-1-768x1152.jpeg\" width=\"768\" height=\"1152\">\n\t\t\t\t\t\t<span class=\"button primary\"><span>Learn more<\/span><\/span>\n\t\t\t\t\t\t<p class=\"name\">Fernando Zanardi<\/p>\n\t\t\t\t\t<\/a>\n\t\t\t\t<\/li>\n\t\t\t\n\t\t\t\t<li class=\"designer\" style=\"height:768px\" data-category=\"\">\n\t\t\t\t\t<a href=\"https:\/\/staging.novoambiente.com\/designer\/foster-partners\/\">\n\t\t\t\t\t\t<img loading=\"lazy\" decoding=\"async\" src=\"https:\/\/staging.novoambiente.com\/wp-content\/uploads\/2026\/02\/4826945-960x960-1-768x768.jpg\" width=\"768\" height=\"768\">\n\t\t\t\t\t\t<span class=\"button primary\"><span>Learn more<\/span><\/span>\n\t\t\t\t\t\t<p class=\"name\">Foster + Partners<\/p>\n\t\t\t\t\t<\/a>\n\t\t\t\t<\/li>\n\t\t\t\n\t\t\t\t<li class=\"designer\" style=\"height:768px\" data-category=\"\">\n\t\t\t\t\t<a href=\"https:\/\/staging.novoambiente.com\/designer\/gerhard-reichert\/\">\n\t\t\t\t\t\t<img loading=\"lazy\" decoding=\"async\" src=\"https:\/\/staging.novoambiente.com\/wp-content\/uploads\/2026\/01\/4865744-960x960-1-768x768.jpg\" width=\"768\" height=\"768\">\n\t\t\t\t\t\t<span class=\"button primary\"><span>Learn more<\/span><\/span>\n\t\t\t\t\t\t<p class=\"name\">Gerhard Reichert<\/p>\n\t\t\t\t\t<\/a>\n\t\t\t\t<\/li>\n\t\t\t\n\t\t\t\t<li class=\"designer\" style=\"height:768px\" data-category=\"\">\n\t\t\t\t\t<a href=\"https:\/\/staging.novoambiente.com\/designer\/giancarlo-fassina\/\">\n\t\t\t\t\t\t<img loading=\"lazy\" decoding=\"async\" src=\"https:\/\/staging.novoambiente.com\/wp-content\/uploads\/2025\/11\/Giancarlo-Fassina-768x768.jpg\" width=\"768\" height=\"768\">\n\t\t\t\t\t\t<span class=\"button primary\"><span>Learn more<\/span><\/span>\n\t\t\t\t\t\t<p class=\"name\">Giancarlo Fassina<\/p>\n\t\t\t\t\t<\/a>\n\t\t\t\t<\/li>\n\t\t\t\n\t\t\t\t<li class=\"designer\" style=\"height:768px\" data-category=\"\">\n\t\t\t\t\t<a href=\"https:\/\/staging.novoambiente.com\/designer\/giancarlo-mattioli\/\">\n\t\t\t\t\t\t<img loading=\"lazy\" decoding=\"async\" src=\"https:\/\/staging.novoambiente.com\/wp-content\/uploads\/2026\/01\/4865883-960x960-1-768x768.jpg\" width=\"768\" height=\"768\">\n\t\t\t\t\t\t<span class=\"button primary\"><span>Learn more<\/span><\/span>\n\t\t\t\t\t\t<p class=\"name\">Giancarlo Mattioli<\/p>\n\t\t\t\t\t<\/a>\n\t\t\t\t<\/li>\n\t\t\t\n\t\t\t\t<li class=\"designer\" style=\"height:786px\" data-category=\"\">\n\t\t\t\t\t<a href=\"https:\/\/staging.novoambiente.com\/designer\/jacqueline-terpins\/\">\n\t\t\t\t\t\t<img loading=\"lazy\" decoding=\"async\" src=\"https:\/\/staging.novoambiente.com\/wp-content\/uploads\/2025\/04\/jacqueline-terpins.jpg\" width=\"621\" height=\"786\">\n\t\t\t\t\t\t<span class=\"button primary\"><span>Learn more<\/span><\/span>\n\t\t\t\t\t\t<p class=\"name\">Jacqueline Terpins<\/p>\n\t\t\t\t\t<\/a>\n\t\t\t\t<\/li>\n\t\t\t\n\t\t\t\t<li class=\"designer\" style=\"height:378px\" data-category=\"\">\n\t\t\t\t\t<a href=\"https:\/\/staging.novoambiente.com\/designer\/lucas-takaoka\/\">\n\t\t\t\t\t\t<img loading=\"lazy\" decoding=\"async\" src=\"https:\/\/staging.novoambiente.com\/wp-content\/uploads\/2022\/12\/Lucas-Takaoka-2.jpg\" width=\"567\" height=\"378\">\n\t\t\t\t\t\t<span class=\"button primary\"><span>Learn more<\/span><\/span>\n\t\t\t\t\t\t<p class=\"name\">Lucas Takaoka<\/p>\n\t\t\t\t\t<\/a>\n\t\t\t\t<\/li>\n\t\t\t\n\t\t\t\t<li class=\"designer\" style=\"height:768px\" data-category=\"\">\n\t\t\t\t\t<a href=\"https:\/\/staging.novoambiente.com\/designer\/mario-botta\/\">\n\t\t\t\t\t\t<img loading=\"lazy\" decoding=\"async\" src=\"https:\/\/staging.novoambiente.com\/wp-content\/uploads\/2026\/01\/4865768-960x960-1-768x768.jpg\" width=\"768\" height=\"768\">\n\t\t\t\t\t\t<span class=\"button primary\"><span>Learn more<\/span><\/span>\n\t\t\t\t\t\t<p class=\"name\">Mario Botta<\/p>\n\t\t\t\t\t<\/a>\n\t\t\t\t<\/li>\n\t\t\t\n\t\t\t\t<li class=\"designer\" style=\"height:768px\" data-category=\"\">\n\t\t\t\t\t<a href=\"https:\/\/staging.novoambiente.com\/designer\/michele-de-lucchi\/\">\n\t\t\t\t\t\t<img loading=\"lazy\" decoding=\"async\" src=\"https:\/\/staging.novoambiente.com\/wp-content\/uploads\/2025\/11\/Michele-de-Lucchi-768x768.jpg\" width=\"768\" height=\"768\">\n\t\t\t\t\t\t<span class=\"button primary\"><span>Learn more<\/span><\/span>\n\t\t\t\t\t\t<p class=\"name\">Michele de Lucchi<\/p>\n\t\t\t\t\t<\/a>\n\t\t\t\t<\/li>\n\t\t\t\n\t\t\t\t<li class=\"designer\" style=\"height:229px\" data-category=\"\">\n\t\t\t\t\t<a href=\"https:\/\/staging.novoambiente.com\/designer\/pepe-lima\/\">\n\t\t\t\t\t\t<img loading=\"lazy\" decoding=\"async\" src=\"https:\/\/staging.novoambiente.com\/wp-content\/uploads\/2025\/09\/download.jpg\" width=\"220\" height=\"229\">\n\t\t\t\t\t\t<span class=\"button primary\"><span>Learn more<\/span><\/span>\n\t\t\t\t\t\t<p class=\"name\">Pep\u00ea Lima<\/p>\n\t\t\t\t\t<\/a>\n\t\t\t\t<\/li>\n\t\t\t\n\t\t\t\t<li class=\"designer\" style=\"height:400px\" data-category=\"\">\n\t\t\t\t\t<a href=\"https:\/\/staging.novoambiente.com\/designer\/ronan-erwan-bouroullec\/\">\n\t\t\t\t\t\t<img loading=\"lazy\" decoding=\"async\" src=\"https:\/\/staging.novoambiente.com\/wp-content\/uploads\/2013\/08\/Ronan-Erwan-Bouroullec.jpg\" width=\"400\" height=\"400\">\n\t\t\t\t\t\t<span class=\"button primary\"><span>Learn more<\/span><\/span>\n\t\t\t\t\t\t<p class=\"name\">Ronan &amp; Erwan Bouroullec<\/p>\n\t\t\t\t\t<\/a>\n\t\t\t\t<\/li>\n\t\t\t\n\t\t\t\t<li class=\"designer\" style=\"height:840px\" data-category=\"\">\n\t\t\t\t\t<a href=\"https:\/\/staging.novoambiente.com\/designer\/tatiana-queiroz\/\">\n\t\t\t\t\t\t<img loading=\"lazy\" decoding=\"async\" src=\"https:\/\/staging.novoambiente.com\/wp-content\/uploads\/2026\/02\/2023_Tatiana_Queiroz_Niemeyer-0098_ca88b2c5-3c8e-4d51-abec-5586ac026382-768x840.jpg\" width=\"768\" height=\"840\">\n\t\t\t\t\t\t<span class=\"button primary\"><span>Learn more<\/span><\/span>\n\t\t\t\t\t\t<p class=\"name\">Tatiana Queiroz<\/p>\n\t\t\t\t\t<\/a>\n\t\t\t\t<\/li>\n\t\t\t<\/ul>\n\t\t<\/div>\n\t\t\t\t\t<\/div>\n\n\t\n<\/div>\n\t\t<\/div>\n\n\t\t\n<style>\n#section_46441224 {\n  padding-top: 0px;\n  padding-bottom: 0px;\n}\n<\/style>\n\t<\/section>\n\t\n","protected":false},"excerpt":{"rendered":"","protected":false},"author":1,"featured_media":0,"parent":0,"menu_order":0,"comment_status":"closed","ping_status":"closed","template":"page-blank.php","meta":{"_acf_changed":false,"footnotes":""},"class_list":["post-153616","page","type-page","status-publish","hentry"],"acf":[],"yoast_head":"<!-- This site is optimized with the Yoast SEO plugin v27.3 - https:\/\/yoast.com\/product\/yoast-seo-wordpress\/ -->\n<title>Designers - Novo Ambiente | Cat\u00e1logo<\/title>\n<meta name=\"robots\" content=\"index, follow, max-snippet:-1, max-image-preview:large, max-video-preview:-1\" \/>\n<link rel=\"canonical\" href=\"https:\/\/staging.novoambiente.com\/en\/designers\/\" \/>\n<meta name=\"twitter:label1\" content=\"Est. reading time\" \/>\n\t<meta name=\"twitter:data1\" content=\"1 minute\" \/>\n<script type=\"application\/ld+json\" class=\"yoast-schema-graph\">{\"@context\":\"https:\\\/\\\/schema.org\",\"@graph\":[{\"@type\":\"WebPage\",\"@id\":\"https:\\\/\\\/staging.novoambiente.com\\\/en\\\/designers\\\/\",\"url\":\"https:\\\/\\\/staging.novoambiente.com\\\/en\\\/designers\\\/\",\"name\":\"Designers - Novo Ambiente | Cat\u00e1logo\",\"isPartOf\":{\"@id\":\"https:\\\/\\\/staging.novoambiente.com\\\/en\\\/#website\"},\"datePublished\":\"2021-03-01T03:18:38+00:00\",\"dateModified\":\"2026-03-26T13:00:35+00:00\",\"breadcrumb\":{\"@id\":\"https:\\\/\\\/staging.novoambiente.com\\\/en\\\/designers\\\/#breadcrumb\"},\"inLanguage\":\"en-US\",\"potentialAction\":[{\"@type\":\"ReadAction\",\"target\":[\"https:\\\/\\\/staging.novoambiente.com\\\/en\\\/designers\\\/\"]}]},{\"@type\":\"BreadcrumbList\",\"@id\":\"https:\\\/\\\/staging.novoambiente.com\\\/en\\\/designers\\\/#breadcrumb\",\"itemListElement\":[{\"@type\":\"ListItem\",\"position\":1,\"name\":\"Home\",\"item\":\"https:\\\/\\\/staging.novoambiente.com\\\/en\\\/\"},{\"@type\":\"ListItem\",\"position\":2,\"name\":\"Designers\"}]},{\"@type\":\"WebSite\",\"@id\":\"https:\\\/\\\/staging.novoambiente.com\\\/en\\\/#website\",\"url\":\"https:\\\/\\\/staging.novoambiente.com\\\/en\\\/\",\"name\":\"Novo Ambiente | Cat\u00e1logo\",\"description\":\"Mobili\u00e1rio de design para casa ou escrit\u00f3rio\",\"potentialAction\":[{\"@type\":\"SearchAction\",\"target\":{\"@type\":\"EntryPoint\",\"urlTemplate\":\"https:\\\/\\\/staging.novoambiente.com\\\/en\\\/?s={search_term_string}\"},\"query-input\":{\"@type\":\"PropertyValueSpecification\",\"valueRequired\":true,\"valueName\":\"search_term_string\"}}],\"inLanguage\":\"en-US\"}]}<\/script>\n<!-- \/ Yoast SEO plugin. -->","yoast_head_json":{"title":"Designers - Novo Ambiente | Cat\u00e1logo","robots":{"index":"index","follow":"follow","max-snippet":"max-snippet:-1","max-image-preview":"max-image-preview:large","max-video-preview":"max-video-preview:-1"},"canonical":"https:\/\/staging.novoambiente.com\/en\/designers\/","twitter_misc":{"Est. reading time":"1 minute"},"schema":{"@context":"https:\/\/schema.org","@graph":[{"@type":"WebPage","@id":"https:\/\/staging.novoambiente.com\/en\/designers\/","url":"https:\/\/staging.novoambiente.com\/en\/designers\/","name":"Designers - Novo Ambiente | Cat\u00e1logo","isPartOf":{"@id":"https:\/\/staging.novoambiente.com\/en\/#website"},"datePublished":"2021-03-01T03:18:38+00:00","dateModified":"2026-03-26T13:00:35+00:00","breadcrumb":{"@id":"https:\/\/staging.novoambiente.com\/en\/designers\/#breadcrumb"},"inLanguage":"en-US","potentialAction":[{"@type":"ReadAction","target":["https:\/\/staging.novoambiente.com\/en\/designers\/"]}]},{"@type":"BreadcrumbList","@id":"https:\/\/staging.novoambiente.com\/en\/designers\/#breadcrumb","itemListElement":[{"@type":"ListItem","position":1,"name":"Home","item":"https:\/\/staging.novoambiente.com\/en\/"},{"@type":"ListItem","position":2,"name":"Designers"}]},{"@type":"WebSite","@id":"https:\/\/staging.novoambiente.com\/en\/#website","url":"https:\/\/staging.novoambiente.com\/en\/","name":"Novo Ambiente | Cat\u00e1logo","description":"Mobili\u00e1rio de design para casa ou escrit\u00f3rio","potentialAction":[{"@type":"SearchAction","target":{"@type":"EntryPoint","urlTemplate":"https:\/\/staging.novoambiente.com\/en\/?s={search_term_string}"},"query-input":{"@type":"PropertyValueSpecification","valueRequired":true,"valueName":"search_term_string"}}],"inLanguage":"en-US"}]}},"_links":{"self":[{"href":"https:\/\/staging.novoambiente.com\/en\/wp-json\/wp\/v2\/pages\/153616","targetHints":{"allow":["GET"]}}],"collection":[{"href":"https:\/\/staging.novoambiente.com\/en\/wp-json\/wp\/v2\/pages"}],"about":[{"href":"https:\/\/staging.novoambiente.com\/en\/wp-json\/wp\/v2\/types\/page"}],"author":[{"embeddable":true,"href":"https:\/\/staging.novoambiente.com\/en\/wp-json\/wp\/v2\/users\/1"}],"replies":[{"embeddable":true,"href":"https:\/\/staging.novoambiente.com\/en\/wp-json\/wp\/v2\/comments?post=153616"}],"version-history":[{"count":1,"href":"https:\/\/staging.novoambiente.com\/en\/wp-json\/wp\/v2\/pages\/153616\/revisions"}],"predecessor-version":[{"id":153619,"href":"https:\/\/staging.novoambiente.com\/en\/wp-json\/wp\/v2\/pages\/153616\/revisions\/153619"}],"wp:attachment":[{"href":"https:\/\/staging.novoambiente.com\/en\/wp-json\/wp\/v2\/media?parent=153616"}],"curies":[{"name":"wp","href":"https:\/\/api.w.org\/{rel}","templated":true}]}}