{"id":153646,"date":"2026-03-17T17:45:59","date_gmt":"2026-03-17T20:45:59","guid":{"rendered":"https:\/\/design.novoambiente.com\/produto\/guia-sideboard\/"},"modified":"2026-03-17T17:45:59","modified_gmt":"2026-03-17T20:45:59","slug":"guia-sideboard","status":"publish","type":"product","link":"https:\/\/staging.novoambiente.com\/en\/product\/guia-sideboard\/","title":{"rendered":"Guia Sideboard"},"content":{"rendered":"<p>Organizes the eye into delicate divisions in geometric modules. Each intersection is marked by a pyramidal solid-wood pull; the focal point accentuates the piece\u2019s volume and harmonizes with the well-defined marquetry. The front design is bold and contrasts with the lightness of the opening, resulting in a solid yet subtle presence.  <\/p>\n","protected":false},"excerpt":{"rendered":"Organizes the eye into delicate divisions in geometric modules. Each intersection is marked by a pyramidal solid-wood&#8230;","protected":false},"featured_media":153223,"template":"","meta":{"_acf_changed":false},"product_brand":[],"product_cat":[3400,3404],"product_tag":[],"colecao":[],"3d":[3462],"class_list":{"0":"post-153646","1":"product","2":"type-product","3":"status-publish","4":"has-post-thumbnail","6":"product_cat-area-interna","7":"product_cat-sideboard","8":"pa_designer-ana-weege","9":"3d-arquivos-3d","11":"first","12":"instock","13":"shipping-taxable","14":"product-type-variable"},"acf":[],"yoast_head":"<!-- This site is optimized with the Yoast SEO plugin v27.3 - https:\/\/yoast.com\/product\/yoast-seo-wordpress\/ -->\n<title>Guia Sideboard - Novo Ambiente | Cat\u00e1logo<\/title>\n<meta name=\"robots\" content=\"index, follow, max-snippet:-1, max-image-preview:large, max-video-preview:-1\" \/>\n<link rel=\"canonical\" href=\"https:\/\/staging.novoambiente.com\/en\/product\/guia-sideboard\/\" \/>\n<script type=\"application\/ld+json\" class=\"yoast-schema-graph\">{\"@context\":\"https:\\\/\\\/schema.org\",\"@graph\":[{\"@type\":\"WebPage\",\"@id\":\"https:\\\/\\\/staging.novoambiente.com\\\/en\\\/product\\\/guia-sideboard\\\/\",\"url\":\"https:\\\/\\\/staging.novoambiente.com\\\/en\\\/product\\\/guia-sideboard\\\/\",\"name\":\"Guia Sideboard - Novo Ambiente | Cat\u00e1logo\",\"isPartOf\":{\"@id\":\"https:\\\/\\\/staging.novoambiente.com\\\/en\\\/#website\"},\"primaryImageOfPage\":{\"@id\":\"https:\\\/\\\/staging.novoambiente.com\\\/en\\\/product\\\/guia-sideboard\\\/#primaryimage\"},\"image\":{\"@id\":\"https:\\\/\\\/staging.novoambiente.com\\\/en\\\/product\\\/guia-sideboard\\\/#primaryimage\"},\"thumbnailUrl\":\"https:\\\/\\\/staging.novoambiente.com\\\/wp-content\\\/uploads\\\/2026\\\/03\\\/80431a98-fd67-40c3-b1ec-1784053a0bf7.png\",\"datePublished\":\"2026-03-17T20:45:59+00:00\",\"breadcrumb\":{\"@id\":\"https:\\\/\\\/staging.novoambiente.com\\\/en\\\/product\\\/guia-sideboard\\\/#breadcrumb\"},\"inLanguage\":\"en-US\",\"potentialAction\":[{\"@type\":\"ReadAction\",\"target\":[\"https:\\\/\\\/staging.novoambiente.com\\\/en\\\/product\\\/guia-sideboard\\\/\"]}]},{\"@type\":\"ImageObject\",\"inLanguage\":\"en-US\",\"@id\":\"https:\\\/\\\/staging.novoambiente.com\\\/en\\\/product\\\/guia-sideboard\\\/#primaryimage\",\"url\":\"https:\\\/\\\/staging.novoambiente.com\\\/wp-content\\\/uploads\\\/2026\\\/03\\\/80431a98-fd67-40c3-b1ec-1784053a0bf7.png\",\"contentUrl\":\"https:\\\/\\\/staging.novoambiente.com\\\/wp-content\\\/uploads\\\/2026\\\/03\\\/80431a98-fd67-40c3-b1ec-1784053a0bf7.png\",\"width\":1920,\"height\":1080},{\"@type\":\"BreadcrumbList\",\"@id\":\"https:\\\/\\\/staging.novoambiente.com\\\/en\\\/product\\\/guia-sideboard\\\/#breadcrumb\",\"itemListElement\":[{\"@type\":\"ListItem\",\"position\":1,\"name\":\"Home\",\"item\":\"https:\\\/\\\/staging.novoambiente.com\\\/en\\\/\"},{\"@type\":\"ListItem\",\"position\":2,\"name\":\"Furniture\",\"item\":\"https:\\\/\\\/staging.novoambiente.com\\\/en\\\/furniture\\\/\"},{\"@type\":\"ListItem\",\"position\":3,\"name\":\"Guia Sideboard\"}]},{\"@type\":\"WebSite\",\"@id\":\"https:\\\/\\\/staging.novoambiente.com\\\/en\\\/#website\",\"url\":\"https:\\\/\\\/staging.novoambiente.com\\\/en\\\/\",\"name\":\"Novo Ambiente | Cat\u00e1logo\",\"description\":\"Mobili\u00e1rio de design para casa ou escrit\u00f3rio\",\"potentialAction\":[{\"@type\":\"SearchAction\",\"target\":{\"@type\":\"EntryPoint\",\"urlTemplate\":\"https:\\\/\\\/staging.novoambiente.com\\\/en\\\/?s={search_term_string}\"},\"query-input\":{\"@type\":\"PropertyValueSpecification\",\"valueRequired\":true,\"valueName\":\"search_term_string\"}}],\"inLanguage\":\"en-US\"}]}<\/script>\n<!-- \/ Yoast SEO plugin. -->","yoast_head_json":{"title":"Guia Sideboard - Novo Ambiente | Cat\u00e1logo","robots":{"index":"index","follow":"follow","max-snippet":"max-snippet:-1","max-image-preview":"max-image-preview:large","max-video-preview":"max-video-preview:-1"},"canonical":"https:\/\/staging.novoambiente.com\/en\/product\/guia-sideboard\/","schema":{"@context":"https:\/\/schema.org","@graph":[{"@type":"WebPage","@id":"https:\/\/staging.novoambiente.com\/en\/product\/guia-sideboard\/","url":"https:\/\/staging.novoambiente.com\/en\/product\/guia-sideboard\/","name":"Guia Sideboard - Novo Ambiente | Cat\u00e1logo","isPartOf":{"@id":"https:\/\/staging.novoambiente.com\/en\/#website"},"primaryImageOfPage":{"@id":"https:\/\/staging.novoambiente.com\/en\/product\/guia-sideboard\/#primaryimage"},"image":{"@id":"https:\/\/staging.novoambiente.com\/en\/product\/guia-sideboard\/#primaryimage"},"thumbnailUrl":"https:\/\/staging.novoambiente.com\/wp-content\/uploads\/2026\/03\/80431a98-fd67-40c3-b1ec-1784053a0bf7.png","datePublished":"2026-03-17T20:45:59+00:00","breadcrumb":{"@id":"https:\/\/staging.novoambiente.com\/en\/product\/guia-sideboard\/#breadcrumb"},"inLanguage":"en-US","potentialAction":[{"@type":"ReadAction","target":["https:\/\/staging.novoambiente.com\/en\/product\/guia-sideboard\/"]}]},{"@type":"ImageObject","inLanguage":"en-US","@id":"https:\/\/staging.novoambiente.com\/en\/product\/guia-sideboard\/#primaryimage","url":"https:\/\/staging.novoambiente.com\/wp-content\/uploads\/2026\/03\/80431a98-fd67-40c3-b1ec-1784053a0bf7.png","contentUrl":"https:\/\/staging.novoambiente.com\/wp-content\/uploads\/2026\/03\/80431a98-fd67-40c3-b1ec-1784053a0bf7.png","width":1920,"height":1080},{"@type":"BreadcrumbList","@id":"https:\/\/staging.novoambiente.com\/en\/product\/guia-sideboard\/#breadcrumb","itemListElement":[{"@type":"ListItem","position":1,"name":"Home","item":"https:\/\/staging.novoambiente.com\/en\/"},{"@type":"ListItem","position":2,"name":"Furniture","item":"https:\/\/staging.novoambiente.com\/en\/furniture\/"},{"@type":"ListItem","position":3,"name":"Guia Sideboard"}]},{"@type":"WebSite","@id":"https:\/\/staging.novoambiente.com\/en\/#website","url":"https:\/\/staging.novoambiente.com\/en\/","name":"Novo Ambiente | Cat\u00e1logo","description":"Mobili\u00e1rio de design para casa ou escrit\u00f3rio","potentialAction":[{"@type":"SearchAction","target":{"@type":"EntryPoint","urlTemplate":"https:\/\/staging.novoambiente.com\/en\/?s={search_term_string}"},"query-input":{"@type":"PropertyValueSpecification","valueRequired":true,"valueName":"search_term_string"}}],"inLanguage":"en-US"}]}},"_links":{"self":[{"href":"https:\/\/staging.novoambiente.com\/en\/wp-json\/wp\/v2\/product\/153646","targetHints":{"allow":["GET"]}}],"collection":[{"href":"https:\/\/staging.novoambiente.com\/en\/wp-json\/wp\/v2\/product"}],"about":[{"href":"https:\/\/staging.novoambiente.com\/en\/wp-json\/wp\/v2\/types\/product"}],"wp:featuredmedia":[{"embeddable":true,"href":"https:\/\/staging.novoambiente.com\/en\/wp-json\/wp\/v2\/media\/153223"}],"wp:attachment":[{"href":"https:\/\/staging.novoambiente.com\/en\/wp-json\/wp\/v2\/media?parent=153646"}],"wp:term":[{"taxonomy":"product_brand","embeddable":true,"href":"https:\/\/staging.novoambiente.com\/en\/wp-json\/wp\/v2\/product_brand?post=153646"},{"taxonomy":"product_cat","embeddable":true,"href":"https:\/\/staging.novoambiente.com\/en\/wp-json\/wp\/v2\/product_cat?post=153646"},{"taxonomy":"product_tag","embeddable":true,"href":"https:\/\/staging.novoambiente.com\/en\/wp-json\/wp\/v2\/product_tag?post=153646"},{"taxonomy":"colecao","embeddable":true,"href":"https:\/\/staging.novoambiente.com\/en\/wp-json\/wp\/v2\/colecao?post=153646"},{"taxonomy":"3d","embeddable":true,"href":"https:\/\/staging.novoambiente.com\/en\/wp-json\/wp\/v2\/3d?post=153646"}],"curies":[{"name":"wp","href":"https:\/\/api.w.org\/{rel}","templated":true}]}}