{"id":153702,"date":"2026-02-19T15:36:02","date_gmt":"2026-02-19T18:36:02","guid":{"rendered":"https:\/\/design.novoambiente.com\/produto\/logico-micro-triple-linear-suspension-lamp\/"},"modified":"2026-02-19T15:36:02","modified_gmt":"2026-02-19T18:36:02","slug":"logico-micro-triple-linear-suspension-lamp","status":"publish","type":"product","link":"https:\/\/staging.novoambiente.com\/en\/product\/logico-micro-triple-linear-suspension-lamp\/","title":{"rendered":"Logico Micro Triple Linear Suspension Lamp"},"content":{"rendered":"<p>Inspired by light rays diffusing through the atmosphere, Logico&#8217;s blown glass diffuser features an organic shape present throughout the collection.<\/p>\n<p>Logico Mini and Classic lamps are now available in two color options: milky white or smoky grey.<\/p>\n<p>These soft colors pair perfectly with the glass diffuser and the fixture\u2019s organic shape, providing a gentle ambient light. The color options offer the user a wide range of possibilities to match the d\u00e9cor of any space.<\/p>\n<p>Logico can be customized in various patterns, as envisioned by architects, designers, or clients, to create exclusive interiors that enhance any residential, commercial, or hospitality space.<\/p>\n<p>Logico is available in table, wall, ceiling, and suspension versions.<\/p>\n","protected":false},"excerpt":{"rendered":"Inspired by light rays diffusing through the atmosphere, Logico&#8217;s blown glass diffuser features an organic shape present&#8230;","protected":false},"featured_media":152995,"template":"","meta":{"_acf_changed":false},"product_brand":[],"product_cat":[3413,3416],"product_tag":[],"colecao":[],"3d":[3462],"class_list":{"0":"post-153702","1":"product","2":"type-product","3":"status-publish","4":"has-post-thumbnail","6":"product_cat-lighting","7":"product_cat-wall-lights","8":"pa_designer-michele-de-lucchi","9":"pa_designer-gerhard-reichert","10":"pa_designer-artemide","11":"3d-arquivos-3d","13":"first","14":"instock","15":"shipping-taxable","16":"product-type-variable"},"acf":[],"yoast_head":"<!-- This site is optimized with the Yoast SEO plugin v27.3 - https:\/\/yoast.com\/product\/yoast-seo-wordpress\/ -->\n<title>Logico Micro Triple Linear Suspension Lamp - Novo Ambiente | Cat\u00e1logo<\/title>\n<meta name=\"robots\" content=\"index, follow, max-snippet:-1, max-image-preview:large, max-video-preview:-1\" \/>\n<link rel=\"canonical\" href=\"https:\/\/staging.novoambiente.com\/en\/product\/logico-micro-triple-linear-suspension-lamp\/\" \/>\n<meta name=\"twitter:label1\" content=\"Est. reading time\" \/>\n\t<meta name=\"twitter:data1\" content=\"1 minute\" \/>\n<script type=\"application\/ld+json\" class=\"yoast-schema-graph\">{\"@context\":\"https:\\\/\\\/schema.org\",\"@graph\":[{\"@type\":\"WebPage\",\"@id\":\"https:\\\/\\\/staging.novoambiente.com\\\/en\\\/product\\\/logico-micro-triple-linear-suspension-lamp\\\/\",\"url\":\"https:\\\/\\\/staging.novoambiente.com\\\/en\\\/product\\\/logico-micro-triple-linear-suspension-lamp\\\/\",\"name\":\"Logico Micro Triple Linear Suspension Lamp - Novo Ambiente | Cat\u00e1logo\",\"isPartOf\":{\"@id\":\"https:\\\/\\\/staging.novoambiente.com\\\/en\\\/#website\"},\"primaryImageOfPage\":{\"@id\":\"https:\\\/\\\/staging.novoambiente.com\\\/en\\\/product\\\/logico-micro-triple-linear-suspension-lamp\\\/#primaryimage\"},\"image\":{\"@id\":\"https:\\\/\\\/staging.novoambiente.com\\\/en\\\/product\\\/logico-micro-triple-linear-suspension-lamp\\\/#primaryimage\"},\"thumbnailUrl\":\"https:\\\/\\\/staging.novoambiente.com\\\/wp-content\\\/uploads\\\/2026\\\/02\\\/882fb34d-dd7b-445a-9212-9b3efb52c971.png\",\"datePublished\":\"2026-02-19T18:36:02+00:00\",\"breadcrumb\":{\"@id\":\"https:\\\/\\\/staging.novoambiente.com\\\/en\\\/product\\\/logico-micro-triple-linear-suspension-lamp\\\/#breadcrumb\"},\"inLanguage\":\"en-US\",\"potentialAction\":[{\"@type\":\"ReadAction\",\"target\":[\"https:\\\/\\\/staging.novoambiente.com\\\/en\\\/product\\\/logico-micro-triple-linear-suspension-lamp\\\/\"]}]},{\"@type\":\"ImageObject\",\"inLanguage\":\"en-US\",\"@id\":\"https:\\\/\\\/staging.novoambiente.com\\\/en\\\/product\\\/logico-micro-triple-linear-suspension-lamp\\\/#primaryimage\",\"url\":\"https:\\\/\\\/staging.novoambiente.com\\\/wp-content\\\/uploads\\\/2026\\\/02\\\/882fb34d-dd7b-445a-9212-9b3efb52c971.png\",\"contentUrl\":\"https:\\\/\\\/staging.novoambiente.com\\\/wp-content\\\/uploads\\\/2026\\\/02\\\/882fb34d-dd7b-445a-9212-9b3efb52c971.png\",\"width\":1000,\"height\":1000},{\"@type\":\"BreadcrumbList\",\"@id\":\"https:\\\/\\\/staging.novoambiente.com\\\/en\\\/product\\\/logico-micro-triple-linear-suspension-lamp\\\/#breadcrumb\",\"itemListElement\":[{\"@type\":\"ListItem\",\"position\":1,\"name\":\"Home\",\"item\":\"https:\\\/\\\/staging.novoambiente.com\\\/en\\\/\"},{\"@type\":\"ListItem\",\"position\":2,\"name\":\"Furniture\",\"item\":\"https:\\\/\\\/staging.novoambiente.com\\\/en\\\/furniture\\\/\"},{\"@type\":\"ListItem\",\"position\":3,\"name\":\"Logico Micro Triple Linear Suspension Lamp\"}]},{\"@type\":\"WebSite\",\"@id\":\"https:\\\/\\\/staging.novoambiente.com\\\/en\\\/#website\",\"url\":\"https:\\\/\\\/staging.novoambiente.com\\\/en\\\/\",\"name\":\"Novo Ambiente | Cat\u00e1logo\",\"description\":\"Mobili\u00e1rio de design para casa ou escrit\u00f3rio\",\"potentialAction\":[{\"@type\":\"SearchAction\",\"target\":{\"@type\":\"EntryPoint\",\"urlTemplate\":\"https:\\\/\\\/staging.novoambiente.com\\\/en\\\/?s={search_term_string}\"},\"query-input\":{\"@type\":\"PropertyValueSpecification\",\"valueRequired\":true,\"valueName\":\"search_term_string\"}}],\"inLanguage\":\"en-US\"}]}<\/script>\n<!-- \/ Yoast SEO plugin. -->","yoast_head_json":{"title":"Logico Micro Triple Linear Suspension Lamp - Novo Ambiente | Cat\u00e1logo","robots":{"index":"index","follow":"follow","max-snippet":"max-snippet:-1","max-image-preview":"max-image-preview:large","max-video-preview":"max-video-preview:-1"},"canonical":"https:\/\/staging.novoambiente.com\/en\/product\/logico-micro-triple-linear-suspension-lamp\/","twitter_misc":{"Est. reading time":"1 minute"},"schema":{"@context":"https:\/\/schema.org","@graph":[{"@type":"WebPage","@id":"https:\/\/staging.novoambiente.com\/en\/product\/logico-micro-triple-linear-suspension-lamp\/","url":"https:\/\/staging.novoambiente.com\/en\/product\/logico-micro-triple-linear-suspension-lamp\/","name":"Logico Micro Triple Linear Suspension Lamp - Novo Ambiente | Cat\u00e1logo","isPartOf":{"@id":"https:\/\/staging.novoambiente.com\/en\/#website"},"primaryImageOfPage":{"@id":"https:\/\/staging.novoambiente.com\/en\/product\/logico-micro-triple-linear-suspension-lamp\/#primaryimage"},"image":{"@id":"https:\/\/staging.novoambiente.com\/en\/product\/logico-micro-triple-linear-suspension-lamp\/#primaryimage"},"thumbnailUrl":"https:\/\/staging.novoambiente.com\/wp-content\/uploads\/2026\/02\/882fb34d-dd7b-445a-9212-9b3efb52c971.png","datePublished":"2026-02-19T18:36:02+00:00","breadcrumb":{"@id":"https:\/\/staging.novoambiente.com\/en\/product\/logico-micro-triple-linear-suspension-lamp\/#breadcrumb"},"inLanguage":"en-US","potentialAction":[{"@type":"ReadAction","target":["https:\/\/staging.novoambiente.com\/en\/product\/logico-micro-triple-linear-suspension-lamp\/"]}]},{"@type":"ImageObject","inLanguage":"en-US","@id":"https:\/\/staging.novoambiente.com\/en\/product\/logico-micro-triple-linear-suspension-lamp\/#primaryimage","url":"https:\/\/staging.novoambiente.com\/wp-content\/uploads\/2026\/02\/882fb34d-dd7b-445a-9212-9b3efb52c971.png","contentUrl":"https:\/\/staging.novoambiente.com\/wp-content\/uploads\/2026\/02\/882fb34d-dd7b-445a-9212-9b3efb52c971.png","width":1000,"height":1000},{"@type":"BreadcrumbList","@id":"https:\/\/staging.novoambiente.com\/en\/product\/logico-micro-triple-linear-suspension-lamp\/#breadcrumb","itemListElement":[{"@type":"ListItem","position":1,"name":"Home","item":"https:\/\/staging.novoambiente.com\/en\/"},{"@type":"ListItem","position":2,"name":"Furniture","item":"https:\/\/staging.novoambiente.com\/en\/furniture\/"},{"@type":"ListItem","position":3,"name":"Logico Micro Triple Linear Suspension Lamp"}]},{"@type":"WebSite","@id":"https:\/\/staging.novoambiente.com\/en\/#website","url":"https:\/\/staging.novoambiente.com\/en\/","name":"Novo Ambiente | Cat\u00e1logo","description":"Mobili\u00e1rio de design para casa ou escrit\u00f3rio","potentialAction":[{"@type":"SearchAction","target":{"@type":"EntryPoint","urlTemplate":"https:\/\/staging.novoambiente.com\/en\/?s={search_term_string}"},"query-input":{"@type":"PropertyValueSpecification","valueRequired":true,"valueName":"search_term_string"}}],"inLanguage":"en-US"}]}},"_links":{"self":[{"href":"https:\/\/staging.novoambiente.com\/en\/wp-json\/wp\/v2\/product\/153702","targetHints":{"allow":["GET"]}}],"collection":[{"href":"https:\/\/staging.novoambiente.com\/en\/wp-json\/wp\/v2\/product"}],"about":[{"href":"https:\/\/staging.novoambiente.com\/en\/wp-json\/wp\/v2\/types\/product"}],"wp:featuredmedia":[{"embeddable":true,"href":"https:\/\/staging.novoambiente.com\/en\/wp-json\/wp\/v2\/media\/152995"}],"wp:attachment":[{"href":"https:\/\/staging.novoambiente.com\/en\/wp-json\/wp\/v2\/media?parent=153702"}],"wp:term":[{"taxonomy":"product_brand","embeddable":true,"href":"https:\/\/staging.novoambiente.com\/en\/wp-json\/wp\/v2\/product_brand?post=153702"},{"taxonomy":"product_cat","embeddable":true,"href":"https:\/\/staging.novoambiente.com\/en\/wp-json\/wp\/v2\/product_cat?post=153702"},{"taxonomy":"product_tag","embeddable":true,"href":"https:\/\/staging.novoambiente.com\/en\/wp-json\/wp\/v2\/product_tag?post=153702"},{"taxonomy":"colecao","embeddable":true,"href":"https:\/\/staging.novoambiente.com\/en\/wp-json\/wp\/v2\/colecao?post=153702"},{"taxonomy":"3d","embeddable":true,"href":"https:\/\/staging.novoambiente.com\/en\/wp-json\/wp\/v2\/3d?post=153702"}],"curies":[{"name":"wp","href":"https:\/\/api.w.org\/{rel}","templated":true}]}}