{"id":153796,"date":"2026-02-04T18:23:55","date_gmt":"2026-02-04T21:23:55","guid":{"rendered":"https:\/\/design.novoambiente.com\/produto\/kyara-chair\/"},"modified":"2026-02-04T18:23:55","modified_gmt":"2026-02-04T21:23:55","slug":"kyara-chair","status":"publish","type":"product","link":"https:\/\/staging.novoambiente.com\/en\/product\/kyara-chair\/","title":{"rendered":"Kyara Chair"},"content":{"rendered":"<p>The Kayra Chair was designed to emphasize organic and fluid forms. Its complete absence of sharp edges and angles is part of a design style dubbed &#8220;liquid design&#8221; by the designer. <\/p>\n<p>&nbsp;<\/p>\n","protected":false},"excerpt":{"rendered":"The Kayra Chair was designed to emphasize organic and fluid forms. Its complete absence of sharp edges&#8230;","protected":false},"featured_media":152841,"template":"","meta":{"_acf_changed":false},"product_brand":[],"product_cat":[3399,3400],"product_tag":[],"colecao":[],"3d":[3462],"class_list":{"0":"post-153796","1":"product","2":"type-product","3":"status-publish","4":"has-post-thumbnail","6":"product_cat-cadeira","7":"product_cat-area-interna","8":"pa_designer-pepe-lima","9":"3d-arquivos-3d","11":"first","12":"instock","13":"shipping-taxable","14":"product-type-variable"},"acf":[],"yoast_head":"<!-- This site is optimized with the Yoast SEO plugin v27.3 - https:\/\/yoast.com\/product\/yoast-seo-wordpress\/ -->\n<title>Kyara Chair - Novo Ambiente | Cat\u00e1logo<\/title>\n<meta name=\"robots\" content=\"index, follow, max-snippet:-1, max-image-preview:large, max-video-preview:-1\" \/>\n<link rel=\"canonical\" href=\"https:\/\/staging.novoambiente.com\/en\/product\/kyara-chair\/\" \/>\n<script type=\"application\/ld+json\" class=\"yoast-schema-graph\">{\"@context\":\"https:\\\/\\\/schema.org\",\"@graph\":[{\"@type\":\"WebPage\",\"@id\":\"https:\\\/\\\/staging.novoambiente.com\\\/en\\\/product\\\/kyara-chair\\\/\",\"url\":\"https:\\\/\\\/staging.novoambiente.com\\\/en\\\/product\\\/kyara-chair\\\/\",\"name\":\"Kyara Chair - Novo Ambiente | Cat\u00e1logo\",\"isPartOf\":{\"@id\":\"https:\\\/\\\/staging.novoambiente.com\\\/en\\\/#website\"},\"primaryImageOfPage\":{\"@id\":\"https:\\\/\\\/staging.novoambiente.com\\\/en\\\/product\\\/kyara-chair\\\/#primaryimage\"},\"image\":{\"@id\":\"https:\\\/\\\/staging.novoambiente.com\\\/en\\\/product\\\/kyara-chair\\\/#primaryimage\"},\"thumbnailUrl\":\"https:\\\/\\\/staging.novoambiente.com\\\/wp-content\\\/uploads\\\/2026\\\/02\\\/kayra_-_cadeira_-_pep_lima_-_jan-23_1_r_400_400_100.jpg\",\"datePublished\":\"2026-02-04T21:23:55+00:00\",\"breadcrumb\":{\"@id\":\"https:\\\/\\\/staging.novoambiente.com\\\/en\\\/product\\\/kyara-chair\\\/#breadcrumb\"},\"inLanguage\":\"en-US\",\"potentialAction\":[{\"@type\":\"ReadAction\",\"target\":[\"https:\\\/\\\/staging.novoambiente.com\\\/en\\\/product\\\/kyara-chair\\\/\"]}]},{\"@type\":\"ImageObject\",\"inLanguage\":\"en-US\",\"@id\":\"https:\\\/\\\/staging.novoambiente.com\\\/en\\\/product\\\/kyara-chair\\\/#primaryimage\",\"url\":\"https:\\\/\\\/staging.novoambiente.com\\\/wp-content\\\/uploads\\\/2026\\\/02\\\/kayra_-_cadeira_-_pep_lima_-_jan-23_1_r_400_400_100.jpg\",\"contentUrl\":\"https:\\\/\\\/staging.novoambiente.com\\\/wp-content\\\/uploads\\\/2026\\\/02\\\/kayra_-_cadeira_-_pep_lima_-_jan-23_1_r_400_400_100.jpg\",\"width\":600,\"height\":600},{\"@type\":\"BreadcrumbList\",\"@id\":\"https:\\\/\\\/staging.novoambiente.com\\\/en\\\/product\\\/kyara-chair\\\/#breadcrumb\",\"itemListElement\":[{\"@type\":\"ListItem\",\"position\":1,\"name\":\"Home\",\"item\":\"https:\\\/\\\/staging.novoambiente.com\\\/en\\\/\"},{\"@type\":\"ListItem\",\"position\":2,\"name\":\"Furniture\",\"item\":\"https:\\\/\\\/staging.novoambiente.com\\\/en\\\/furniture\\\/\"},{\"@type\":\"ListItem\",\"position\":3,\"name\":\"Kyara Chair\"}]},{\"@type\":\"WebSite\",\"@id\":\"https:\\\/\\\/staging.novoambiente.com\\\/en\\\/#website\",\"url\":\"https:\\\/\\\/staging.novoambiente.com\\\/en\\\/\",\"name\":\"Novo Ambiente | Cat\u00e1logo\",\"description\":\"Mobili\u00e1rio de design para casa ou escrit\u00f3rio\",\"potentialAction\":[{\"@type\":\"SearchAction\",\"target\":{\"@type\":\"EntryPoint\",\"urlTemplate\":\"https:\\\/\\\/staging.novoambiente.com\\\/en\\\/?s={search_term_string}\"},\"query-input\":{\"@type\":\"PropertyValueSpecification\",\"valueRequired\":true,\"valueName\":\"search_term_string\"}}],\"inLanguage\":\"en-US\"}]}<\/script>\n<!-- \/ Yoast SEO plugin. -->","yoast_head_json":{"title":"Kyara Chair - Novo Ambiente | Cat\u00e1logo","robots":{"index":"index","follow":"follow","max-snippet":"max-snippet:-1","max-image-preview":"max-image-preview:large","max-video-preview":"max-video-preview:-1"},"canonical":"https:\/\/staging.novoambiente.com\/en\/product\/kyara-chair\/","schema":{"@context":"https:\/\/schema.org","@graph":[{"@type":"WebPage","@id":"https:\/\/staging.novoambiente.com\/en\/product\/kyara-chair\/","url":"https:\/\/staging.novoambiente.com\/en\/product\/kyara-chair\/","name":"Kyara Chair - Novo Ambiente | Cat\u00e1logo","isPartOf":{"@id":"https:\/\/staging.novoambiente.com\/en\/#website"},"primaryImageOfPage":{"@id":"https:\/\/staging.novoambiente.com\/en\/product\/kyara-chair\/#primaryimage"},"image":{"@id":"https:\/\/staging.novoambiente.com\/en\/product\/kyara-chair\/#primaryimage"},"thumbnailUrl":"https:\/\/staging.novoambiente.com\/wp-content\/uploads\/2026\/02\/kayra_-_cadeira_-_pep_lima_-_jan-23_1_r_400_400_100.jpg","datePublished":"2026-02-04T21:23:55+00:00","breadcrumb":{"@id":"https:\/\/staging.novoambiente.com\/en\/product\/kyara-chair\/#breadcrumb"},"inLanguage":"en-US","potentialAction":[{"@type":"ReadAction","target":["https:\/\/staging.novoambiente.com\/en\/product\/kyara-chair\/"]}]},{"@type":"ImageObject","inLanguage":"en-US","@id":"https:\/\/staging.novoambiente.com\/en\/product\/kyara-chair\/#primaryimage","url":"https:\/\/staging.novoambiente.com\/wp-content\/uploads\/2026\/02\/kayra_-_cadeira_-_pep_lima_-_jan-23_1_r_400_400_100.jpg","contentUrl":"https:\/\/staging.novoambiente.com\/wp-content\/uploads\/2026\/02\/kayra_-_cadeira_-_pep_lima_-_jan-23_1_r_400_400_100.jpg","width":600,"height":600},{"@type":"BreadcrumbList","@id":"https:\/\/staging.novoambiente.com\/en\/product\/kyara-chair\/#breadcrumb","itemListElement":[{"@type":"ListItem","position":1,"name":"Home","item":"https:\/\/staging.novoambiente.com\/en\/"},{"@type":"ListItem","position":2,"name":"Furniture","item":"https:\/\/staging.novoambiente.com\/en\/furniture\/"},{"@type":"ListItem","position":3,"name":"Kyara Chair"}]},{"@type":"WebSite","@id":"https:\/\/staging.novoambiente.com\/en\/#website","url":"https:\/\/staging.novoambiente.com\/en\/","name":"Novo Ambiente | Cat\u00e1logo","description":"Mobili\u00e1rio de design para casa ou escrit\u00f3rio","potentialAction":[{"@type":"SearchAction","target":{"@type":"EntryPoint","urlTemplate":"https:\/\/staging.novoambiente.com\/en\/?s={search_term_string}"},"query-input":{"@type":"PropertyValueSpecification","valueRequired":true,"valueName":"search_term_string"}}],"inLanguage":"en-US"}]}},"_links":{"self":[{"href":"https:\/\/staging.novoambiente.com\/en\/wp-json\/wp\/v2\/product\/153796","targetHints":{"allow":["GET"]}}],"collection":[{"href":"https:\/\/staging.novoambiente.com\/en\/wp-json\/wp\/v2\/product"}],"about":[{"href":"https:\/\/staging.novoambiente.com\/en\/wp-json\/wp\/v2\/types\/product"}],"wp:featuredmedia":[{"embeddable":true,"href":"https:\/\/staging.novoambiente.com\/en\/wp-json\/wp\/v2\/media\/152841"}],"wp:attachment":[{"href":"https:\/\/staging.novoambiente.com\/en\/wp-json\/wp\/v2\/media?parent=153796"}],"wp:term":[{"taxonomy":"product_brand","embeddable":true,"href":"https:\/\/staging.novoambiente.com\/en\/wp-json\/wp\/v2\/product_brand?post=153796"},{"taxonomy":"product_cat","embeddable":true,"href":"https:\/\/staging.novoambiente.com\/en\/wp-json\/wp\/v2\/product_cat?post=153796"},{"taxonomy":"product_tag","embeddable":true,"href":"https:\/\/staging.novoambiente.com\/en\/wp-json\/wp\/v2\/product_tag?post=153796"},{"taxonomy":"colecao","embeddable":true,"href":"https:\/\/staging.novoambiente.com\/en\/wp-json\/wp\/v2\/colecao?post=153796"},{"taxonomy":"3d","embeddable":true,"href":"https:\/\/staging.novoambiente.com\/en\/wp-json\/wp\/v2\/3d?post=153796"}],"curies":[{"name":"wp","href":"https:\/\/api.w.org\/{rel}","templated":true}]}}