{"id":153830,"date":"2026-02-04T17:51:51","date_gmt":"2026-02-04T20:51:51","guid":{"rendered":"https:\/\/design.novoambiente.com\/produto\/tati-armchair\/"},"modified":"2026-02-04T17:51:51","modified_gmt":"2026-02-04T20:51:51","slug":"tati-armchair","status":"publish","type":"product","link":"https:\/\/staging.novoambiente.com\/en\/product\/tati-armchair\/","title":{"rendered":"Tati Armchair"},"content":{"rendered":"<p>Quite simply, from a simple sketch during a night flight, Tati was born. An armchair with a light frame and a soft feel. Metal profiles, partially enveloped by solid wood supports, cradle the upholstery, elevating its materiality and rendering it timeless.  <\/p>\n<p><strong><span class=\"TextRun SCXW139152427 BCX0\" lang=\"PT-BR\" data-contrast=\"none\"><span class=\"FindHit SCXW139152427 BCX0\">Available<\/span><span class=\"NormalTextRun SCXW139152427 BCX0\"> <\/span><\/span> <span class=\"TextRun SCXW139152427 BCX0\" lang=\"PT-BR\" data-contrast=\"none\"><span class=\"NormalTextRun SCXW139152427 BCX0\">for sale only in Rio de Janeiro<\/span><\/span><\/strong><\/p>\n","protected":false},"excerpt":{"rendered":"Quite simply, from a simple sketch during a night flight, Tati was born. An armchair with a&#8230;","protected":false},"featured_media":152822,"template":"","meta":{"_acf_changed":false},"product_brand":[],"product_cat":[3400,3448],"product_tag":[],"colecao":[],"3d":[3462],"class_list":{"0":"post-153830","1":"product","2":"type-product","3":"status-publish","4":"has-post-thumbnail","6":"product_cat-area-interna","7":"product_cat-armchair","8":"pa_designer-lucas-takaoka","9":"3d-arquivos-3d","11":"first","12":"instock","13":"shipping-taxable","14":"product-type-variable"},"acf":[],"yoast_head":"<!-- This site is optimized with the Yoast SEO plugin v27.3 - https:\/\/yoast.com\/product\/yoast-seo-wordpress\/ -->\n<title>Tati Armchair - Novo Ambiente | Cat\u00e1logo<\/title>\n<meta name=\"robots\" content=\"index, follow, max-snippet:-1, max-image-preview:large, max-video-preview:-1\" \/>\n<link rel=\"canonical\" href=\"https:\/\/staging.novoambiente.com\/en\/product\/tati-armchair\/\" \/>\n<script type=\"application\/ld+json\" class=\"yoast-schema-graph\">{\"@context\":\"https:\\\/\\\/schema.org\",\"@graph\":[{\"@type\":\"WebPage\",\"@id\":\"https:\\\/\\\/staging.novoambiente.com\\\/en\\\/product\\\/tati-armchair\\\/\",\"url\":\"https:\\\/\\\/staging.novoambiente.com\\\/en\\\/product\\\/tati-armchair\\\/\",\"name\":\"Tati Armchair - Novo Ambiente | Cat\u00e1logo\",\"isPartOf\":{\"@id\":\"https:\\\/\\\/staging.novoambiente.com\\\/en\\\/#website\"},\"primaryImageOfPage\":{\"@id\":\"https:\\\/\\\/staging.novoambiente.com\\\/en\\\/product\\\/tati-armchair\\\/#primaryimage\"},\"image\":{\"@id\":\"https:\\\/\\\/staging.novoambiente.com\\\/en\\\/product\\\/tati-armchair\\\/#primaryimage\"},\"thumbnailUrl\":\"https:\\\/\\\/staging.novoambiente.com\\\/wp-content\\\/uploads\\\/2026\\\/02\\\/913d239d-29dc-49b7-b73b-75069fac7ba7.png\",\"datePublished\":\"2026-02-04T20:51:51+00:00\",\"breadcrumb\":{\"@id\":\"https:\\\/\\\/staging.novoambiente.com\\\/en\\\/product\\\/tati-armchair\\\/#breadcrumb\"},\"inLanguage\":\"en-US\",\"potentialAction\":[{\"@type\":\"ReadAction\",\"target\":[\"https:\\\/\\\/staging.novoambiente.com\\\/en\\\/product\\\/tati-armchair\\\/\"]}]},{\"@type\":\"ImageObject\",\"inLanguage\":\"en-US\",\"@id\":\"https:\\\/\\\/staging.novoambiente.com\\\/en\\\/product\\\/tati-armchair\\\/#primaryimage\",\"url\":\"https:\\\/\\\/staging.novoambiente.com\\\/wp-content\\\/uploads\\\/2026\\\/02\\\/913d239d-29dc-49b7-b73b-75069fac7ba7.png\",\"contentUrl\":\"https:\\\/\\\/staging.novoambiente.com\\\/wp-content\\\/uploads\\\/2026\\\/02\\\/913d239d-29dc-49b7-b73b-75069fac7ba7.png\",\"width\":700,\"height\":700},{\"@type\":\"BreadcrumbList\",\"@id\":\"https:\\\/\\\/staging.novoambiente.com\\\/en\\\/product\\\/tati-armchair\\\/#breadcrumb\",\"itemListElement\":[{\"@type\":\"ListItem\",\"position\":1,\"name\":\"Home\",\"item\":\"https:\\\/\\\/staging.novoambiente.com\\\/en\\\/\"},{\"@type\":\"ListItem\",\"position\":2,\"name\":\"Furniture\",\"item\":\"https:\\\/\\\/staging.novoambiente.com\\\/en\\\/furniture\\\/\"},{\"@type\":\"ListItem\",\"position\":3,\"name\":\"Tati Armchair\"}]},{\"@type\":\"WebSite\",\"@id\":\"https:\\\/\\\/staging.novoambiente.com\\\/en\\\/#website\",\"url\":\"https:\\\/\\\/staging.novoambiente.com\\\/en\\\/\",\"name\":\"Novo Ambiente | Cat\u00e1logo\",\"description\":\"Mobili\u00e1rio de design para casa ou escrit\u00f3rio\",\"potentialAction\":[{\"@type\":\"SearchAction\",\"target\":{\"@type\":\"EntryPoint\",\"urlTemplate\":\"https:\\\/\\\/staging.novoambiente.com\\\/en\\\/?s={search_term_string}\"},\"query-input\":{\"@type\":\"PropertyValueSpecification\",\"valueRequired\":true,\"valueName\":\"search_term_string\"}}],\"inLanguage\":\"en-US\"}]}<\/script>\n<!-- \/ Yoast SEO plugin. -->","yoast_head_json":{"title":"Tati Armchair - Novo Ambiente | Cat\u00e1logo","robots":{"index":"index","follow":"follow","max-snippet":"max-snippet:-1","max-image-preview":"max-image-preview:large","max-video-preview":"max-video-preview:-1"},"canonical":"https:\/\/staging.novoambiente.com\/en\/product\/tati-armchair\/","schema":{"@context":"https:\/\/schema.org","@graph":[{"@type":"WebPage","@id":"https:\/\/staging.novoambiente.com\/en\/product\/tati-armchair\/","url":"https:\/\/staging.novoambiente.com\/en\/product\/tati-armchair\/","name":"Tati Armchair - Novo Ambiente | Cat\u00e1logo","isPartOf":{"@id":"https:\/\/staging.novoambiente.com\/en\/#website"},"primaryImageOfPage":{"@id":"https:\/\/staging.novoambiente.com\/en\/product\/tati-armchair\/#primaryimage"},"image":{"@id":"https:\/\/staging.novoambiente.com\/en\/product\/tati-armchair\/#primaryimage"},"thumbnailUrl":"https:\/\/staging.novoambiente.com\/wp-content\/uploads\/2026\/02\/913d239d-29dc-49b7-b73b-75069fac7ba7.png","datePublished":"2026-02-04T20:51:51+00:00","breadcrumb":{"@id":"https:\/\/staging.novoambiente.com\/en\/product\/tati-armchair\/#breadcrumb"},"inLanguage":"en-US","potentialAction":[{"@type":"ReadAction","target":["https:\/\/staging.novoambiente.com\/en\/product\/tati-armchair\/"]}]},{"@type":"ImageObject","inLanguage":"en-US","@id":"https:\/\/staging.novoambiente.com\/en\/product\/tati-armchair\/#primaryimage","url":"https:\/\/staging.novoambiente.com\/wp-content\/uploads\/2026\/02\/913d239d-29dc-49b7-b73b-75069fac7ba7.png","contentUrl":"https:\/\/staging.novoambiente.com\/wp-content\/uploads\/2026\/02\/913d239d-29dc-49b7-b73b-75069fac7ba7.png","width":700,"height":700},{"@type":"BreadcrumbList","@id":"https:\/\/staging.novoambiente.com\/en\/product\/tati-armchair\/#breadcrumb","itemListElement":[{"@type":"ListItem","position":1,"name":"Home","item":"https:\/\/staging.novoambiente.com\/en\/"},{"@type":"ListItem","position":2,"name":"Furniture","item":"https:\/\/staging.novoambiente.com\/en\/furniture\/"},{"@type":"ListItem","position":3,"name":"Tati Armchair"}]},{"@type":"WebSite","@id":"https:\/\/staging.novoambiente.com\/en\/#website","url":"https:\/\/staging.novoambiente.com\/en\/","name":"Novo Ambiente | Cat\u00e1logo","description":"Mobili\u00e1rio de design para casa ou escrit\u00f3rio","potentialAction":[{"@type":"SearchAction","target":{"@type":"EntryPoint","urlTemplate":"https:\/\/staging.novoambiente.com\/en\/?s={search_term_string}"},"query-input":{"@type":"PropertyValueSpecification","valueRequired":true,"valueName":"search_term_string"}}],"inLanguage":"en-US"}]}},"_links":{"self":[{"href":"https:\/\/staging.novoambiente.com\/en\/wp-json\/wp\/v2\/product\/153830","targetHints":{"allow":["GET"]}}],"collection":[{"href":"https:\/\/staging.novoambiente.com\/en\/wp-json\/wp\/v2\/product"}],"about":[{"href":"https:\/\/staging.novoambiente.com\/en\/wp-json\/wp\/v2\/types\/product"}],"wp:featuredmedia":[{"embeddable":true,"href":"https:\/\/staging.novoambiente.com\/en\/wp-json\/wp\/v2\/media\/152822"}],"wp:attachment":[{"href":"https:\/\/staging.novoambiente.com\/en\/wp-json\/wp\/v2\/media?parent=153830"}],"wp:term":[{"taxonomy":"product_brand","embeddable":true,"href":"https:\/\/staging.novoambiente.com\/en\/wp-json\/wp\/v2\/product_brand?post=153830"},{"taxonomy":"product_cat","embeddable":true,"href":"https:\/\/staging.novoambiente.com\/en\/wp-json\/wp\/v2\/product_cat?post=153830"},{"taxonomy":"product_tag","embeddable":true,"href":"https:\/\/staging.novoambiente.com\/en\/wp-json\/wp\/v2\/product_tag?post=153830"},{"taxonomy":"colecao","embeddable":true,"href":"https:\/\/staging.novoambiente.com\/en\/wp-json\/wp\/v2\/colecao?post=153830"},{"taxonomy":"3d","embeddable":true,"href":"https:\/\/staging.novoambiente.com\/en\/wp-json\/wp\/v2\/3d?post=153830"}],"curies":[{"name":"wp","href":"https:\/\/api.w.org\/{rel}","templated":true}]}}