{"id":153887,"date":"2026-01-21T14:36:41","date_gmt":"2026-01-21T17:36:41","guid":{"rendered":"https:\/\/design.novoambiente.com\/produto\/nesso-lamp\/"},"modified":"2026-01-21T14:36:41","modified_gmt":"2026-01-21T17:36:41","slug":"nesso-lamp","status":"publish","type":"product","link":"https:\/\/staging.novoambiente.com\/en\/product\/nesso-lamp\/","title":{"rendered":"Nesso Lamp"},"content":{"rendered":"<p>Introducing Nesso, an iconic lamp designed by Giancarlo Mattioli and Gruppo Architetti Urbanisti Citt\u00e0 Nuova in the 1960s. Part of Artemide\u2019s \u201cModern Classics\u201d line, Nesso revolutionized design with its ABS thermoplastic molding, blending industrial materials with elegance for homes and offices. With its nature-inspired design and a vibrant touch, Nesso stands out as a globally recognized art piece, featured in the permanent collections of the Metropolitan Museum of Art and the Museum of Modern Art. Uses 4 \u00d7 25 W LED bulbs.<\/p>\n","protected":false},"excerpt":{"rendered":"Introducing Nesso, an iconic lamp designed by Giancarlo Mattioli and Gruppo Architetti Urbanisti Citt\u00e0 Nuova in the&#8230;","protected":false},"featured_media":152732,"template":"","meta":{"_acf_changed":false},"product_brand":[],"product_cat":[3413,3415],"product_tag":[],"colecao":[3502],"3d":[3462],"class_list":{"0":"post-153887","1":"product","2":"type-product","3":"status-publish","4":"has-post-thumbnail","6":"product_cat-lighting","7":"product_cat-table-lamps","8":"pa_designer-artemide","9":"pa_designer-giancarlo-mattioli","10":"colecao-artemide-lamps","11":"3d-arquivos-3d","13":"first","14":"instock","15":"shipping-taxable","16":"product-type-variable"},"acf":[],"yoast_head":"<!-- This site is optimized with the Yoast SEO plugin v27.3 - https:\/\/yoast.com\/product\/yoast-seo-wordpress\/ -->\n<title>Nesso Lamp - Novo Ambiente | Cat\u00e1logo<\/title>\n<meta name=\"robots\" content=\"index, follow, max-snippet:-1, max-image-preview:large, max-video-preview:-1\" \/>\n<link rel=\"canonical\" href=\"https:\/\/staging.novoambiente.com\/en\/product\/nesso-lamp\/\" \/>\n<script type=\"application\/ld+json\" class=\"yoast-schema-graph\">{\"@context\":\"https:\\\/\\\/schema.org\",\"@graph\":[{\"@type\":\"WebPage\",\"@id\":\"https:\\\/\\\/staging.novoambiente.com\\\/en\\\/product\\\/nesso-lamp\\\/\",\"url\":\"https:\\\/\\\/staging.novoambiente.com\\\/en\\\/product\\\/nesso-lamp\\\/\",\"name\":\"Nesso Lamp - Novo Ambiente | Cat\u00e1logo\",\"isPartOf\":{\"@id\":\"https:\\\/\\\/staging.novoambiente.com\\\/en\\\/#website\"},\"primaryImageOfPage\":{\"@id\":\"https:\\\/\\\/staging.novoambiente.com\\\/en\\\/product\\\/nesso-lamp\\\/#primaryimage\"},\"image\":{\"@id\":\"https:\\\/\\\/staging.novoambiente.com\\\/en\\\/product\\\/nesso-lamp\\\/#primaryimage\"},\"thumbnailUrl\":\"https:\\\/\\\/staging.novoambiente.com\\\/wp-content\\\/uploads\\\/2026\\\/01\\\/15_55_59_773_15_6_0_097_luminc3a1ria20nesso207.png\",\"datePublished\":\"2026-01-21T17:36:41+00:00\",\"breadcrumb\":{\"@id\":\"https:\\\/\\\/staging.novoambiente.com\\\/en\\\/product\\\/nesso-lamp\\\/#breadcrumb\"},\"inLanguage\":\"en-US\",\"potentialAction\":[{\"@type\":\"ReadAction\",\"target\":[\"https:\\\/\\\/staging.novoambiente.com\\\/en\\\/product\\\/nesso-lamp\\\/\"]}]},{\"@type\":\"ImageObject\",\"inLanguage\":\"en-US\",\"@id\":\"https:\\\/\\\/staging.novoambiente.com\\\/en\\\/product\\\/nesso-lamp\\\/#primaryimage\",\"url\":\"https:\\\/\\\/staging.novoambiente.com\\\/wp-content\\\/uploads\\\/2026\\\/01\\\/15_55_59_773_15_6_0_097_luminc3a1ria20nesso207.png\",\"contentUrl\":\"https:\\\/\\\/staging.novoambiente.com\\\/wp-content\\\/uploads\\\/2026\\\/01\\\/15_55_59_773_15_6_0_097_luminc3a1ria20nesso207.png\",\"width\":1800,\"height\":1800},{\"@type\":\"BreadcrumbList\",\"@id\":\"https:\\\/\\\/staging.novoambiente.com\\\/en\\\/product\\\/nesso-lamp\\\/#breadcrumb\",\"itemListElement\":[{\"@type\":\"ListItem\",\"position\":1,\"name\":\"Home\",\"item\":\"https:\\\/\\\/staging.novoambiente.com\\\/en\\\/\"},{\"@type\":\"ListItem\",\"position\":2,\"name\":\"Furniture\",\"item\":\"https:\\\/\\\/staging.novoambiente.com\\\/en\\\/furniture\\\/\"},{\"@type\":\"ListItem\",\"position\":3,\"name\":\"Nesso Lamp\"}]},{\"@type\":\"WebSite\",\"@id\":\"https:\\\/\\\/staging.novoambiente.com\\\/en\\\/#website\",\"url\":\"https:\\\/\\\/staging.novoambiente.com\\\/en\\\/\",\"name\":\"Novo Ambiente | Cat\u00e1logo\",\"description\":\"Mobili\u00e1rio de design para casa ou escrit\u00f3rio\",\"potentialAction\":[{\"@type\":\"SearchAction\",\"target\":{\"@type\":\"EntryPoint\",\"urlTemplate\":\"https:\\\/\\\/staging.novoambiente.com\\\/en\\\/?s={search_term_string}\"},\"query-input\":{\"@type\":\"PropertyValueSpecification\",\"valueRequired\":true,\"valueName\":\"search_term_string\"}}],\"inLanguage\":\"en-US\"}]}<\/script>\n<!-- \/ Yoast SEO plugin. -->","yoast_head_json":{"title":"Nesso Lamp - Novo Ambiente | Cat\u00e1logo","robots":{"index":"index","follow":"follow","max-snippet":"max-snippet:-1","max-image-preview":"max-image-preview:large","max-video-preview":"max-video-preview:-1"},"canonical":"https:\/\/staging.novoambiente.com\/en\/product\/nesso-lamp\/","schema":{"@context":"https:\/\/schema.org","@graph":[{"@type":"WebPage","@id":"https:\/\/staging.novoambiente.com\/en\/product\/nesso-lamp\/","url":"https:\/\/staging.novoambiente.com\/en\/product\/nesso-lamp\/","name":"Nesso Lamp - Novo Ambiente | Cat\u00e1logo","isPartOf":{"@id":"https:\/\/staging.novoambiente.com\/en\/#website"},"primaryImageOfPage":{"@id":"https:\/\/staging.novoambiente.com\/en\/product\/nesso-lamp\/#primaryimage"},"image":{"@id":"https:\/\/staging.novoambiente.com\/en\/product\/nesso-lamp\/#primaryimage"},"thumbnailUrl":"https:\/\/staging.novoambiente.com\/wp-content\/uploads\/2026\/01\/15_55_59_773_15_6_0_097_luminc3a1ria20nesso207.png","datePublished":"2026-01-21T17:36:41+00:00","breadcrumb":{"@id":"https:\/\/staging.novoambiente.com\/en\/product\/nesso-lamp\/#breadcrumb"},"inLanguage":"en-US","potentialAction":[{"@type":"ReadAction","target":["https:\/\/staging.novoambiente.com\/en\/product\/nesso-lamp\/"]}]},{"@type":"ImageObject","inLanguage":"en-US","@id":"https:\/\/staging.novoambiente.com\/en\/product\/nesso-lamp\/#primaryimage","url":"https:\/\/staging.novoambiente.com\/wp-content\/uploads\/2026\/01\/15_55_59_773_15_6_0_097_luminc3a1ria20nesso207.png","contentUrl":"https:\/\/staging.novoambiente.com\/wp-content\/uploads\/2026\/01\/15_55_59_773_15_6_0_097_luminc3a1ria20nesso207.png","width":1800,"height":1800},{"@type":"BreadcrumbList","@id":"https:\/\/staging.novoambiente.com\/en\/product\/nesso-lamp\/#breadcrumb","itemListElement":[{"@type":"ListItem","position":1,"name":"Home","item":"https:\/\/staging.novoambiente.com\/en\/"},{"@type":"ListItem","position":2,"name":"Furniture","item":"https:\/\/staging.novoambiente.com\/en\/furniture\/"},{"@type":"ListItem","position":3,"name":"Nesso Lamp"}]},{"@type":"WebSite","@id":"https:\/\/staging.novoambiente.com\/en\/#website","url":"https:\/\/staging.novoambiente.com\/en\/","name":"Novo Ambiente | Cat\u00e1logo","description":"Mobili\u00e1rio de design para casa ou escrit\u00f3rio","potentialAction":[{"@type":"SearchAction","target":{"@type":"EntryPoint","urlTemplate":"https:\/\/staging.novoambiente.com\/en\/?s={search_term_string}"},"query-input":{"@type":"PropertyValueSpecification","valueRequired":true,"valueName":"search_term_string"}}],"inLanguage":"en-US"}]}},"_links":{"self":[{"href":"https:\/\/staging.novoambiente.com\/en\/wp-json\/wp\/v2\/product\/153887","targetHints":{"allow":["GET"]}}],"collection":[{"href":"https:\/\/staging.novoambiente.com\/en\/wp-json\/wp\/v2\/product"}],"about":[{"href":"https:\/\/staging.novoambiente.com\/en\/wp-json\/wp\/v2\/types\/product"}],"wp:featuredmedia":[{"embeddable":true,"href":"https:\/\/staging.novoambiente.com\/en\/wp-json\/wp\/v2\/media\/152732"}],"wp:attachment":[{"href":"https:\/\/staging.novoambiente.com\/en\/wp-json\/wp\/v2\/media?parent=153887"}],"wp:term":[{"taxonomy":"product_brand","embeddable":true,"href":"https:\/\/staging.novoambiente.com\/en\/wp-json\/wp\/v2\/product_brand?post=153887"},{"taxonomy":"product_cat","embeddable":true,"href":"https:\/\/staging.novoambiente.com\/en\/wp-json\/wp\/v2\/product_cat?post=153887"},{"taxonomy":"product_tag","embeddable":true,"href":"https:\/\/staging.novoambiente.com\/en\/wp-json\/wp\/v2\/product_tag?post=153887"},{"taxonomy":"colecao","embeddable":true,"href":"https:\/\/staging.novoambiente.com\/en\/wp-json\/wp\/v2\/colecao?post=153887"},{"taxonomy":"3d","embeddable":true,"href":"https:\/\/staging.novoambiente.com\/en\/wp-json\/wp\/v2\/3d?post=153887"}],"curies":[{"name":"wp","href":"https:\/\/api.w.org\/{rel}","templated":true}]}}